{"id":258,"date":"2023-04-09T10:17:40","date_gmt":"2023-04-09T14:17:40","guid":{"rendered":"http:\/\/ayuntamiento.o\/transparencia\/?page_id=258"},"modified":"2025-02-20T16:59:31","modified_gmt":"2025-02-20T20:59:31","slug":"responsable-de-acceso-a-la-informacion","status":"publish","type":"page","link":"https:\/\/juntadistritalhatodelyaque.gob.do\/transparencia\/responsable-de-acceso-a-la-informacion\/","title":{"rendered":"Oficina de Libre Acceso a la Informaci\u00f3n"},"content":{"rendered":"\n\n\n<div class=\"wp-container-3 wp-block-columns has-very-light-gray-to-cyan-bluish-gray-gradient-background has-background\">\n<div class=\"wp-container-1 wp-block-column has-background\" style=\"background-color:#ffffff00;flex-basis:66.66%\">\n<figure class=\"wp-block-image size-large is-resized\"><img loading=\"lazy\" src=\"http:\/\/juntadistritalhatodelyaque.gob.do\/transparencia\/wp-content\/uploads\/2024\/08\/Imagen-de-WhatsApp-2024-08-22-a-las-12.35.50_c41cb5be-700x933.jpg\" alt=\"\" class=\"wp-image-1902\" width=\"478\" height=\"637\" srcset=\"https:\/\/juntadistritalhatodelyaque.gob.do\/transparencia\/wp-content\/uploads\/2024\/08\/Imagen-de-WhatsApp-2024-08-22-a-las-12.35.50_c41cb5be-700x933.jpg 700w, https:\/\/juntadistritalhatodelyaque.gob.do\/transparencia\/wp-content\/uploads\/2024\/08\/Imagen-de-WhatsApp-2024-08-22-a-las-12.35.50_c41cb5be-250x333.jpg 250w, https:\/\/juntadistritalhatodelyaque.gob.do\/transparencia\/wp-content\/uploads\/2024\/08\/Imagen-de-WhatsApp-2024-08-22-a-las-12.35.50_c41cb5be-768x1024.jpg 768w, https:\/\/juntadistritalhatodelyaque.gob.do\/transparencia\/wp-content\/uploads\/2024\/08\/Imagen-de-WhatsApp-2024-08-22-a-las-12.35.50_c41cb5be-1152x1536.jpg 1152w, https:\/\/juntadistritalhatodelyaque.gob.do\/transparencia\/wp-content\/uploads\/2024\/08\/Imagen-de-WhatsApp-2024-08-22-a-las-12.35.50_c41cb5be-120x160.jpg 120w, https:\/\/juntadistritalhatodelyaque.gob.do\/transparencia\/wp-content\/uploads\/2024\/08\/Imagen-de-WhatsApp-2024-08-22-a-las-12.35.50_c41cb5be.jpg 1200w\" sizes=\"(max-width: 478px) 100vw, 478px\" \/><figcaption><sup><strong>Evarleny Marte Rodr\u00edguez<\/strong><\/sup><\/figcaption><\/figure>\n<\/div>\n\n\n\n<div class=\"wp-container-2 wp-block-column is-vertically-aligned-center has-background\" style=\"background-color:#ffffff00;flex-basis:33.33%\">\n<p class=\"has-medium-font-size\"><strong>Responsable de Acceso a la Informaci\u00f3n Distrital (RAIM)<\/strong><\/p>\n\n\n\n<p class=\"has-medium-font-size\">Mes De Enero 2025<\/p>\n\n\n\n<p class=\"has-medium-font-size\"><strong><sup>Srta. Evarleny Marte Rodr\u00edguez<\/sup><\/strong><\/p>\n<\/div>\n<\/div>\n\n\n\n\n<h3>Contacto Responsable de la oficina de libre Acceso a la\u00a0 Informaci\u00f3n P\u00fablica<\/h3>\n<p><strong>Tel\u00e9fono<\/strong>: 809-275-2435 y 849-214-1923<br \/><strong>Extensi\u00f3n:<\/strong>\u00a0117<br \/><strong>Correo electr\u00f3nico:\u00a0 \u00a0oai@juntadistritalhatodelyaque.gob.do<\/strong><br \/><strong>Direcci\u00f3n:<\/strong> Ave. Antonino Guzm\u00e1n # 7.1\/2, Primer Nivel, hato del yaque ,Santiago de los Caballeros, R.D.<\/p>\n\n\n<figure class=\"wp-container-5 wp-block-gallery-4 wp-block-gallery has-nested-images columns-default is-cropped\">\n<figure class=\"wp-block-image size-large\"><img loading=\"lazy\" width=\"700\" height=\"933\" data-id=\"1901\"  src=\"https:\/\/juntadistritalhatodelyaque.gob.do\/transparencia\/wp-content\/uploads\/2024\/08\/Imagen-de-WhatsApp-2024-08-22-a-las-12.35.47_42e7ccbf-1-700x933.jpg\" alt=\"\" class=\"wp-image-1901\" srcset=\"https:\/\/juntadistritalhatodelyaque.gob.do\/transparencia\/wp-content\/uploads\/2024\/08\/Imagen-de-WhatsApp-2024-08-22-a-las-12.35.47_42e7ccbf-1-700x933.jpg 700w, https:\/\/juntadistritalhatodelyaque.gob.do\/transparencia\/wp-content\/uploads\/2024\/08\/Imagen-de-WhatsApp-2024-08-22-a-las-12.35.47_42e7ccbf-1-250x333.jpg 250w, https:\/\/juntadistritalhatodelyaque.gob.do\/transparencia\/wp-content\/uploads\/2024\/08\/Imagen-de-WhatsApp-2024-08-22-a-las-12.35.47_42e7ccbf-1-768x1024.jpg 768w, https:\/\/juntadistritalhatodelyaque.gob.do\/transparencia\/wp-content\/uploads\/2024\/08\/Imagen-de-WhatsApp-2024-08-22-a-las-12.35.47_42e7ccbf-1-1152x1536.jpg 1152w, https:\/\/juntadistritalhatodelyaque.gob.do\/transparencia\/wp-content\/uploads\/2024\/08\/Imagen-de-WhatsApp-2024-08-22-a-las-12.35.47_42e7ccbf-1-120x160.jpg 120w, https:\/\/juntadistritalhatodelyaque.gob.do\/transparencia\/wp-content\/uploads\/2024\/08\/Imagen-de-WhatsApp-2024-08-22-a-las-12.35.47_42e7ccbf-1.jpg 1200w\" sizes=\"(max-width: 700px) 100vw, 700px\" \/><\/figure>\n\n\n\n<figure class=\"wp-block-image size-large\"><img loading=\"lazy\" width=\"700\" height=\"933\" data-id=\"1904\"  src=\"https:\/\/juntadistritalhatodelyaque.gob.do\/transparencia\/wp-content\/uploads\/2024\/08\/Imagen-de-WhatsApp-2024-08-22-a-las-12.35.51_f1fb7be5-700x933.jpg\" alt=\"\" class=\"wp-image-1904\" srcset=\"https:\/\/juntadistritalhatodelyaque.gob.do\/transparencia\/wp-content\/uploads\/2024\/08\/Imagen-de-WhatsApp-2024-08-22-a-las-12.35.51_f1fb7be5-700x933.jpg 700w, https:\/\/juntadistritalhatodelyaque.gob.do\/transparencia\/wp-content\/uploads\/2024\/08\/Imagen-de-WhatsApp-2024-08-22-a-las-12.35.51_f1fb7be5-250x333.jpg 250w, https:\/\/juntadistritalhatodelyaque.gob.do\/transparencia\/wp-content\/uploads\/2024\/08\/Imagen-de-WhatsApp-2024-08-22-a-las-12.35.51_f1fb7be5-768x1024.jpg 768w, https:\/\/juntadistritalhatodelyaque.gob.do\/transparencia\/wp-content\/uploads\/2024\/08\/Imagen-de-WhatsApp-2024-08-22-a-las-12.35.51_f1fb7be5-1152x1536.jpg 1152w, https:\/\/juntadistritalhatodelyaque.gob.do\/transparencia\/wp-content\/uploads\/2024\/08\/Imagen-de-WhatsApp-2024-08-22-a-las-12.35.51_f1fb7be5-120x160.jpg 120w, https:\/\/juntadistritalhatodelyaque.gob.do\/transparencia\/wp-content\/uploads\/2024\/08\/Imagen-de-WhatsApp-2024-08-22-a-las-12.35.51_f1fb7be5.jpg 1200w\" sizes=\"(max-width: 700px) 100vw, 700px\" \/><\/figure>\n\n\n\n<figure class=\"wp-block-image size-large\"><img loading=\"lazy\" width=\"700\" height=\"933\" data-id=\"1903\"  src=\"https:\/\/juntadistritalhatodelyaque.gob.do\/transparencia\/wp-content\/uploads\/2024\/08\/Imagen-de-WhatsApp-2024-08-22-a-las-12.35.51_f46c81ca-700x933.jpg\" alt=\"\" class=\"wp-image-1903\" srcset=\"https:\/\/juntadistritalhatodelyaque.gob.do\/transparencia\/wp-content\/uploads\/2024\/08\/Imagen-de-WhatsApp-2024-08-22-a-las-12.35.51_f46c81ca-700x933.jpg 700w, https:\/\/juntadistritalhatodelyaque.gob.do\/transparencia\/wp-content\/uploads\/2024\/08\/Imagen-de-WhatsApp-2024-08-22-a-las-12.35.51_f46c81ca-250x333.jpg 250w, https:\/\/juntadistritalhatodelyaque.gob.do\/transparencia\/wp-content\/uploads\/2024\/08\/Imagen-de-WhatsApp-2024-08-22-a-las-12.35.51_f46c81ca-768x1024.jpg 768w, https:\/\/juntadistritalhatodelyaque.gob.do\/transparencia\/wp-content\/uploads\/2024\/08\/Imagen-de-WhatsApp-2024-08-22-a-las-12.35.51_f46c81ca-1152x1536.jpg 1152w, https:\/\/juntadistritalhatodelyaque.gob.do\/transparencia\/wp-content\/uploads\/2024\/08\/Imagen-de-WhatsApp-2024-08-22-a-las-12.35.51_f46c81ca-120x160.jpg 120w, https:\/\/juntadistritalhatodelyaque.gob.do\/transparencia\/wp-content\/uploads\/2024\/08\/Imagen-de-WhatsApp-2024-08-22-a-las-12.35.51_f46c81ca.jpg 1200w\" sizes=\"(max-width: 700px) 100vw, 700px\" \/><\/figure>\n<\/figure>\n\n\n\n<div class=\"wp-container-9 wp-block-columns has-very-light-gray-to-cyan-bluish-gray-gradient-background has-background\">\n<div class=\"wp-container-6 wp-block-column is-vertically-aligned-center\">\n<p class=\"has-medium-font-size\"><strong>Formulario de Solicitud de Acceso a la Informaci\u00f3n Publica <\/strong><\/p>\n<\/div>\n\n\n\n<div class=\"wp-container-8 wp-block-column is-vertically-aligned-bottom\">\n<div class=\"wp-container-7 is-content-justification-right wp-block-buttons\">\n<div class=\"wp-block-button\"><a class=\"wp-block-button__link\" href=\"https:\/\/juntadistritalhatodelyaque.gob.do\/transparencia\/wp-content\/uploads\/2023\/02\/Formulario-Solicitud-de-Acceso-a-la-Informacio-Publica.pdf\" target=\"_blank\" rel=\"noreferrer noopener\"><strong>Descargar <\/strong><\/a><\/div>\n<\/div>\n<\/div>\n<\/div>\n\n\n\n<div class=\"wp-container-10 wp-block-buttons\"><\/div>\n","protected":false},"excerpt":{"rendered":"Responsable de Acceso a la Informaci\u00f3n Distrital (RAIM) Mes De Enero 2025 Srta. Evarleny Marte Rodr\u00edguez Contacto Responsable de la oficina de libre Acceso a la\u00a0 Informaci\u00f3n P\u00fablica Tel\u00e9fono: 809-275-2435 y 849-214-1923Extensi\u00f3n:\u00a0117Correo electr\u00f3nico:\u00a0 \u00a0oai@juntadistritalhatodelyaque.gob.doDirecci\u00f3n: Ave. Antonino Guzm\u00e1n # 7.1\/2, Primer Nivel, hato del yaque ,Santiago de los Caballeros, R.D. Formulario de Solicitud de Acceso a&#8230;","protected":false},"author":3,"featured_media":0,"parent":0,"menu_order":0,"comment_status":"closed","ping_status":"closed","template":"","meta":[],"acf":[],"_links":{"self":[{"href":"https:\/\/juntadistritalhatodelyaque.gob.do\/transparencia\/wp-json\/wp\/v2\/pages\/258"}],"collection":[{"href":"https:\/\/juntadistritalhatodelyaque.gob.do\/transparencia\/wp-json\/wp\/v2\/pages"}],"about":[{"href":"https:\/\/juntadistritalhatodelyaque.gob.do\/transparencia\/wp-json\/wp\/v2\/types\/page"}],"author":[{"embeddable":true,"href":"https:\/\/juntadistritalhatodelyaque.gob.do\/transparencia\/wp-json\/wp\/v2\/users\/3"}],"replies":[{"embeddable":true,"href":"https:\/\/juntadistritalhatodelyaque.gob.do\/transparencia\/wp-json\/wp\/v2\/comments?post=258"}],"version-history":[{"count":68,"href":"https:\/\/juntadistritalhatodelyaque.gob.do\/transparencia\/wp-json\/wp\/v2\/pages\/258\/revisions"}],"predecessor-version":[{"id":2089,"href":"https:\/\/juntadistritalhatodelyaque.gob.do\/transparencia\/wp-json\/wp\/v2\/pages\/258\/revisions\/2089"}],"wp:attachment":[{"href":"https:\/\/juntadistritalhatodelyaque.gob.do\/transparencia\/wp-json\/wp\/v2\/media?parent=258"}],"curies":[{"name":"wp","href":"https:\/\/api.w.org\/{rel}","templated":true}]}}